{"id":13383,"date":"2014-03-24T10:32:19","date_gmt":"2014-03-24T10:32:19","guid":{"rendered":"http:\/\/demo.qodeinteractive.com\/bridge\/?page_id=13383"},"modified":"2025-01-22T11:48:48","modified_gmt":"2025-01-22T11:48:48","slug":"about-us-2","status":"publish","type":"page","link":"https:\/\/reykjavikhistorichome.webdev.is\/index.php\/about-us-2\/","title":{"rendered":"About us"},"content":{"rendered":"<div class=\"wpb-content-wrapper\"><p>[vc_row css_animation=&#8221;&#8221; row_type=&#8221;row&#8221; use_row_as_full_screen_section=&#8221;no&#8221; type=&#8221;grid&#8221; angled_section=&#8221;no&#8221; text_align=&#8221;left&#8221; background_image_as_pattern=&#8221;without_pattern&#8221; padding_top=&#8221;0&#8243; padding_bottom=&#8221;0&#8243; z_index=&#8221;&#8221;][vc_column][vc_single_image image=&#8221;15503&#8243; img_size=&#8221;full&#8221; alignment=&#8221;right&#8221; css=&#8221;&#8221; qode_css_animation=&#8221;&#8221; transition_delay=&#8221;0.3&#8243;][vc_separator type=&#8221;transparent&#8221; down=&#8221;20&#8243; up=&#8221;20&#8243;][\/vc_column][\/vc_row][vc_row css_animation=&#8221;&#8221; row_type=&#8221;row&#8221; use_row_as_full_screen_section=&#8221;no&#8221; type=&#8221;full_width&#8221; angled_section=&#8221;no&#8221; text_align=&#8221;left&#8221; background_image_as_pattern=&#8221;without_pattern&#8221;][vc_column width=&#8221;1\/4&#8243;][\/vc_column][vc_column width=&#8221;1\/2&#8243;][vc_column_text css=&#8221;&#8221;]<\/p>\n<h2 style=\"text-align: center;\">Our story<\/h2>\n<p>[\/vc_column_text][vc_separator type=&#8221;transparent&#8221; down=&#8221;20&#8243; up=&#8221;20&#8243;][vc_column_text css=&#8221;&#8221;]<\/p>\n<h5 style=\"text-align: center;\">It began as a passion project to restore historic landmark homes to their former glory, but it quickly evolved into a way to share Reykjavik&#8217;s timeless charm and heritage with guests from around the world.<\/h5>\n<p>[\/vc_column_text][vc_separator type=&#8221;transparent&#8221; up=&#8221;40&#8243; down=&#8221;0&#8243;][\/vc_column][vc_column width=&#8221;1\/4&#8243;][\/vc_column][\/vc_row][vc_row css_animation=&#8221;&#8221; row_type=&#8221;row&#8221; use_row_as_full_screen_section=&#8221;no&#8221; type=&#8221;grid&#8221; angled_section=&#8221;no&#8221; text_align=&#8221;left&#8221; background_image_as_pattern=&#8221;without_pattern&#8221; z_index=&#8221;&#8221;][vc_column][vc_column_text css=&#8221;&#8221;]<\/p>\n<p style=\"text-align: center;\">Reykjavik Historic Home was born out of our passion for restoring historical houses in the city center. What started as a personal project to preserve Reykjavik\u2019s architectural heritage grew into a venture that allows us to share the charm of these unique properties with guests who appreciate their quaint beauty and history.<\/p>\n<p style=\"text-align: center;\">Our approach to restoration is thoughtful and respectful. We retain original materials and architectural elements wherever possible, blending old-world charm with modern luxury to create stylish, comfortable spaces that cater to today\u2019s travelers. Each property is a labor of love, combining Reykjavik\u2019s rich history with contemporary hospitality.<\/p>\n<p style=\"text-align: center;\">We take pride in offering exceptional service to ensure your stay is unforgettable. From pre-stocking your fridge with Icelandic favorites to organizing private dining experiences, we go above and beyond to make you feel at home.<\/p>\n<p style=\"text-align: center;\">Located in the heart of Reykjavik, our properties are steps away from the city\u2019s best cultural attractions, restaurants, and shopping. Explore iconic landmarks like Hallgr\u00edmskirkja Church, discover local galleries and museums, or indulge in the vibrant food scene\u2014all within walking distance.<\/p>\n<p style=\"text-align: center;\">With easy access to public transport, including the airport bus and local tours, our neighborhood offers the perfect mix of convenience and charm, making it an ideal base to experience Reykjavik\u2019s wonders.<\/p>\n<p>[\/vc_column_text][vc_separator type=&#8221;transparent&#8221; up=&#8221;40&#8243; down=&#8221;0&#8243;][\/vc_column][\/vc_row][vc_row css_animation=&#8221;&#8221; row_type=&#8221;row&#8221; use_row_as_full_screen_section=&#8221;no&#8221; type=&#8221;grid&#8221; angled_section=&#8221;no&#8221; text_align=&#8221;center&#8221; background_image_as_pattern=&#8221;without_pattern&#8221; background_color=&#8221;#ffffff&#8221; z_index=&#8221;&#8221;][vc_column width=&#8221;1\/2&#8243;][vc_single_image image=&#8221;15185&#8243; img_size=&#8221;600&#215;450&#8243; alignment=&#8221;right&#8221; css=&#8221;&#8221; qode_css_animation=&#8221;&#8221;][vc_separator type=&#8221;transparent&#8221; down=&#8221;20&#8243; up=&#8221;10&#8243;][vc_column_text css=&#8221;&#8221;]<\/p>\n<h4 style=\"text-align: center;\">HISTORIC VILLA IN DOWNTOWN REYKJAVIK<\/h4>\n<p>[\/vc_column_text][vc_separator type=&#8221;small&#8221; position=&#8221;center&#8221; down=&#8221;20&#8243; up=&#8221;20&#8243; color=&#8221;#C3C3C3&#8243; thickness=&#8221;1&#8243;][vc_column_text css=&#8221;&#8221;]<\/p>\n<h6 style=\"text-align: center;\">built in 1881<\/h6>\n<p>[\/vc_column_text][vc_separator type=&#8221;transparent&#8221; down=&#8221;20&#8243; up=&#8221;20&#8243;][vc_column_text css=&#8221;.vc_custom_1736847111656{margin-bottom: 0px !important;}&#8221;]<\/p>\n<h6 style=\"text-align: center;\">Quite possibly the best-located rental property in Reykjavik, just steps from restaurants, museums, cafes, shops, and grocery stores.<\/h6>\n<p>&nbsp;<\/p>\n<p style=\"text-align: center;\">The Historic Villa, one of Reykjavik\u2019s oldest landmark buildings, has been meticulously restored over the years. It received a special award from the Mayor of Reykjavik for its outstanding restoration, preserving the house\u2019s authentic charm.<\/p>\n<p>[\/vc_column_text][vc_separator type=&#8221;transparent&#8221; down=&#8221;0&#8243; up=&#8221;35&#8243;]<a  itemprop=\"url\" href=\"#\" target=\"_self\"  class=\"qbutton  default\" style=\"\">SEE MORE<\/a>[\/vc_column][vc_column width=&#8221;1\/2&#8243;][vc_single_image image=&#8221;15098&#8243; img_size=&#8221;600&#215;450&#8243; alignment=&#8221;right&#8221; css=&#8221;.vc_custom_1736846909413{margin-bottom: 0px !important;}&#8221; qode_css_animation=&#8221;&#8221; transition_delay=&#8221;0&#8243;][vc_separator type=&#8221;transparent&#8221; down=&#8221;20&#8243; up=&#8221;10&#8243;][vc_column_text css=&#8221;&#8221;]<\/p>\n<h4 style=\"text-align: center;\">LUXURY VILLA IN DOWNTOWN REYKJAVIK<\/h4>\n<p>[\/vc_column_text][vc_separator type=&#8221;small&#8221; position=&#8221;center&#8221; down=&#8221;20&#8243; up=&#8221;20&#8243; color=&#8221;#C3C3C3&#8243; thickness=&#8221;1&#8243;][vc_column_text css=&#8221;&#8221;]<\/p>\n<h6 style=\"text-align: center;\">built in 1915<\/h6>\n<p>[\/vc_column_text][vc_separator type=&#8221;transparent&#8221; down=&#8221;20&#8243; up=&#8221;20&#8243;][vc_column_text css=&#8221;.vc_custom_1736847125545{margin-bottom: 0px !important;}&#8221;]<\/p>\n<h6 style=\"text-align: center;\">Luxury Villa, one of Reykjavik\u2019s most beautiful buildings, is located in the prestigious embassy district in downtown Reykjavik.<\/h6>\n<p>&nbsp;<\/p>\n<p style=\"text-align: center;\">Perched on the edge of Grj\u00f3ta\u00feorpi\u00f0 (The Rock Village), the city\u2019s oldest and most historic neighborhood, this stunning villa is perfect for groups and families of up to 10 guests, offering timeless elegance in a prime location.<\/p>\n<p>[\/vc_column_text][vc_separator type=&#8221;transparent&#8221; up=&#8221;35&#8243; down=&#8221;0&#8243;]<a  itemprop=\"url\" href=\"#\" target=\"_self\"  class=\"qbutton  default\" style=\"\">SEE MORE<\/a>[\/vc_column][\/vc_row][vc_row css_animation=&#8221;&#8221; row_type=&#8221;row&#8221; use_row_as_full_screen_section=&#8221;no&#8221; type=&#8221;full_width&#8221; angled_section=&#8221;no&#8221; text_align=&#8221;left&#8221; background_image_as_pattern=&#8221;without_pattern&#8221;][vc_column][vc_empty_space][\/vc_column][\/vc_row][vc_row css_animation=&#8221;&#8221; row_type=&#8221;row&#8221; use_row_as_full_screen_section=&#8221;no&#8221; type=&#8221;full_width&#8221; angled_section=&#8221;no&#8221; text_align=&#8221;left&#8221; background_image_as_pattern=&#8221;without_pattern&#8221; z_index=&#8221;&#8221; transition_delay=&#8221;0.3&#8243;][vc_column width=&#8221;1\/4&#8243; css=&#8221;.vc_custom_1736526452538{padding-right: -20px !important;padding-left: -20px !important;}&#8221;]<div class=\"qode-specification-list\">\n\t\t\t<div class=\"qode-specification-list-image\">\n\t\t\t<img decoding=\"async\" src=\"https:\/\/reykjavikhistorichome.webdev.is\/wp-content\/uploads\/2025\/01\/HOMEThoraIceland-6_w.jpg\" alt=\"\" \/>\n\t\t<\/div>\n\t\t<div class=\"qode-specification-list-text-holder\">\n\t\t<h5 class=\"qode-specification-list-title\">\n\t\t\tHISTORIC VILLA\t\t<\/h5>\n\t\t<div class=\"qode-specification-list-items\">\n\t\t\t\t\t\t\t<div class=\"qode-specification-list-item\">\n\t\t\t\t\t<span class=\"qode-specification-list-item-label\">\n\t\t\t\t\t\tSLEEPS\t\t\t\t\t<\/span>\n\t\t\t\t\t<span class=\"qode-specification-list-item-value\">\n\t\t\t\t\t\t10\t\t\t\t\t<\/span>\n\t\t\t\t<\/div>\n\t\t\t\t\t\t\t<div class=\"qode-specification-list-item\">\n\t\t\t\t\t<span class=\"qode-specification-list-item-label\">\n\t\t\t\t\t\tBEDROOMS\t\t\t\t\t<\/span>\n\t\t\t\t\t<span class=\"qode-specification-list-item-value\">\n\t\t\t\t\t\t5\t\t\t\t\t<\/span>\n\t\t\t\t<\/div>\n\t\t\t\t\t\t\t<div class=\"qode-specification-list-item\">\n\t\t\t\t\t<span class=\"qode-specification-list-item-label\">\n\t\t\t\t\t\tBATHROOMS\t\t\t\t\t<\/span>\n\t\t\t\t\t<span class=\"qode-specification-list-item-value\">\n\t\t\t\t\t\t2\u00bd\t\t\t\t\t<\/span>\n\t\t\t\t<\/div>\n\t\t\t\t\t\t\t<div class=\"qode-specification-list-item\">\n\t\t\t\t\t<span class=\"qode-specification-list-item-label\">\n\t\t\t\t\t\tSIZE\t\t\t\t\t<\/span>\n\t\t\t\t\t<span class=\"qode-specification-list-item-value\">\n\t\t\t\t\t\t220m2\t\t\t\t\t<\/span>\n\t\t\t\t<\/div>\n\t\t\t\t\t<\/div>\n\t<\/div>\n\t\t\t<div class=\"qode-specification-list-holder\">\n\t\t\t<a itemprop=\"url\" class=\"qode-qbutton-main-color qode-qbutton-full-width qode-qbutton-square\" href=\"https:\/\/reykjavikhistorichome.com\" target=\"_blank\" style=\"background-color:#222222;height:30px;line-height:30px\"><span>MORE INFO<\/span><\/a>\n\t\t<\/div>\n\t<\/div>[vc_empty_space][\/vc_column][vc_column width=&#8221;1\/4&#8243;]<div class=\"qode-specification-list\">\n\t\t\t<div class=\"qode-specification-list-image\">\n\t\t\t<img decoding=\"async\" src=\"https:\/\/reykjavikhistorichome.webdev.is\/wp-content\/uploads\/2025\/01\/6__6165-1-scaled.jpg\" alt=\"\" \/>\n\t\t<\/div>\n\t\t<div class=\"qode-specification-list-text-holder\">\n\t\t<h5 class=\"qode-specification-list-title\">\n\t\t\tLUXURY VILLA\t\t<\/h5>\n\t\t<div class=\"qode-specification-list-items\">\n\t\t\t\t\t\t\t<div class=\"qode-specification-list-item\">\n\t\t\t\t\t<span class=\"qode-specification-list-item-label\">\n\t\t\t\t\t\tSLEEPS\t\t\t\t\t<\/span>\n\t\t\t\t\t<span class=\"qode-specification-list-item-value\">\n\t\t\t\t\t\t10\t\t\t\t\t<\/span>\n\t\t\t\t<\/div>\n\t\t\t\t\t\t\t<div class=\"qode-specification-list-item\">\n\t\t\t\t\t<span class=\"qode-specification-list-item-label\">\n\t\t\t\t\t\tBEDROOMS\t\t\t\t\t<\/span>\n\t\t\t\t\t<span class=\"qode-specification-list-item-value\">\n\t\t\t\t\t\t6\t\t\t\t\t<\/span>\n\t\t\t\t<\/div>\n\t\t\t\t\t\t\t<div class=\"qode-specification-list-item\">\n\t\t\t\t\t<span class=\"qode-specification-list-item-label\">\n\t\t\t\t\t\tBATHROOMS\t\t\t\t\t<\/span>\n\t\t\t\t\t<span class=\"qode-specification-list-item-value\">\n\t\t\t\t\t\t3\u00bd\t\t\t\t\t<\/span>\n\t\t\t\t<\/div>\n\t\t\t\t\t\t\t<div class=\"qode-specification-list-item\">\n\t\t\t\t\t<span class=\"qode-specification-list-item-label\">\n\t\t\t\t\t\tSIZE\t\t\t\t\t<\/span>\n\t\t\t\t\t<span class=\"qode-specification-list-item-value\">\n\t\t\t\t\t\t280m2\t\t\t\t\t<\/span>\n\t\t\t\t<\/div>\n\t\t\t\t\t<\/div>\n\t<\/div>\n\t\t\t<div class=\"qode-specification-list-holder\">\n\t\t\t<a itemprop=\"url\" class=\"qode-qbutton-main-color qode-qbutton-full-width qode-qbutton-square\" href=\"https:\/\/reykjavikhistorichome.com\" target=\"_blank\" style=\"background-color:#222222;height:30px;line-height:30px\"><span>MORE INFO<\/span><\/a>\n\t\t<\/div>\n\t<\/div>[vc_empty_space][\/vc_column][vc_column width=&#8221;1\/4&#8243;]<div class=\"qode-specification-list\">\n\t\t\t<div class=\"qode-specification-list-image\">\n\t\t\t<img decoding=\"async\" src=\"https:\/\/reykjavikhistorichome.webdev.is\/wp-content\/uploads\/2025\/01\/6__7071-scaled.jpg\" alt=\"\" \/>\n\t\t<\/div>\n\t\t<div class=\"qode-specification-list-text-holder\">\n\t\t<h5 class=\"qode-specification-list-title\">\n\t\t\tAMAZING APARTMENT\t\t<\/h5>\n\t\t<div class=\"qode-specification-list-items\">\n\t\t\t\t\t\t\t<div class=\"qode-specification-list-item\">\n\t\t\t\t\t<span class=\"qode-specification-list-item-label\">\n\t\t\t\t\t\tSLEEPS\t\t\t\t\t<\/span>\n\t\t\t\t\t<span class=\"qode-specification-list-item-value\">\n\t\t\t\t\t\t4\t\t\t\t\t<\/span>\n\t\t\t\t<\/div>\n\t\t\t\t\t\t\t<div class=\"qode-specification-list-item\">\n\t\t\t\t\t<span class=\"qode-specification-list-item-label\">\n\t\t\t\t\t\tBEDROOMS\t\t\t\t\t<\/span>\n\t\t\t\t\t<span class=\"qode-specification-list-item-value\">\n\t\t\t\t\t\t2\t\t\t\t\t<\/span>\n\t\t\t\t<\/div>\n\t\t\t\t\t\t\t<div class=\"qode-specification-list-item\">\n\t\t\t\t\t<span class=\"qode-specification-list-item-label\">\n\t\t\t\t\t\tBATHROOMS\t\t\t\t\t<\/span>\n\t\t\t\t\t<span class=\"qode-specification-list-item-value\">\n\t\t\t\t\t\t1\t\t\t\t\t<\/span>\n\t\t\t\t<\/div>\n\t\t\t\t\t\t\t<div class=\"qode-specification-list-item\">\n\t\t\t\t\t<span class=\"qode-specification-list-item-label\">\n\t\t\t\t\t\tSIZE\t\t\t\t\t<\/span>\n\t\t\t\t\t<span class=\"qode-specification-list-item-value\">\n\t\t\t\t\t\t50m2\t\t\t\t\t<\/span>\n\t\t\t\t<\/div>\n\t\t\t\t\t<\/div>\n\t<\/div>\n\t\t\t<div class=\"qode-specification-list-holder\">\n\t\t\t<a itemprop=\"url\" class=\"qode-qbutton-main-color qode-qbutton-full-width qode-qbutton-square\" href=\"https:\/\/reykjavikhistorichome.com\" target=\"_blank\" style=\"background-color:#222222;height:30px;line-height:30px\"><span>MORE INFO<\/span><\/a>\n\t\t<\/div>\n\t<\/div>[vc_empty_space][\/vc_column][vc_column width=&#8221;1\/4&#8243;]<div class=\"qode-specification-list\">\n\t\t\t<div class=\"qode-specification-list-image\">\n\t\t\t<img decoding=\"async\" src=\"https:\/\/reykjavikhistorichome.webdev.is\/wp-content\/uploads\/2025\/01\/6__7453-scaled.jpg\" alt=\"\" \/>\n\t\t<\/div>\n\t\t<div class=\"qode-specification-list-text-holder\">\n\t\t<h5 class=\"qode-specification-list-title\">\n\t\t\tSPACIOUS STUDIO\t\t<\/h5>\n\t\t<div class=\"qode-specification-list-items\">\n\t\t\t\t\t\t\t<div class=\"qode-specification-list-item\">\n\t\t\t\t\t<span class=\"qode-specification-list-item-label\">\n\t\t\t\t\t\tSLEEPS\t\t\t\t\t<\/span>\n\t\t\t\t\t<span class=\"qode-specification-list-item-value\">\n\t\t\t\t\t\t2\t\t\t\t\t<\/span>\n\t\t\t\t<\/div>\n\t\t\t\t\t\t\t<div class=\"qode-specification-list-item\">\n\t\t\t\t\t<span class=\"qode-specification-list-item-label\">\n\t\t\t\t\t\tBEDROOMS\t\t\t\t\t<\/span>\n\t\t\t\t\t<span class=\"qode-specification-list-item-value\">\n\t\t\t\t\t\tN\/A\t\t\t\t\t<\/span>\n\t\t\t\t<\/div>\n\t\t\t\t\t\t\t<div class=\"qode-specification-list-item\">\n\t\t\t\t\t<span class=\"qode-specification-list-item-label\">\n\t\t\t\t\t\tBATHROOMS\t\t\t\t\t<\/span>\n\t\t\t\t\t<span class=\"qode-specification-list-item-value\">\n\t\t\t\t\t\t1\t\t\t\t\t<\/span>\n\t\t\t\t<\/div>\n\t\t\t\t\t\t\t<div class=\"qode-specification-list-item\">\n\t\t\t\t\t<span class=\"qode-specification-list-item-label\">\n\t\t\t\t\t\tSIZE\t\t\t\t\t<\/span>\n\t\t\t\t\t<span class=\"qode-specification-list-item-value\">\n\t\t\t\t\t\t30m2\t\t\t\t\t<\/span>\n\t\t\t\t<\/div>\n\t\t\t\t\t<\/div>\n\t<\/div>\n\t\t\t<div class=\"qode-specification-list-holder\">\n\t\t\t<a itemprop=\"url\" class=\"qode-qbutton-main-color qode-qbutton-full-width qode-qbutton-square\" href=\"https:\/\/reykjavikhistorichome.com\" target=\"_blank\" style=\"background-color:#222222;height:30px;line-height:30px\"><span>MORE INFO<\/span><\/a>\n\t\t<\/div>\n\t<\/div>[vc_empty_space][\/vc_column][\/vc_row]<\/p>\n<\/div>","protected":false},"excerpt":{"rendered":"<p>[vc_row css_animation=&#8221;&#8221; row_type=&#8221;row&#8221; use_row_as_full_screen_section=&#8221;no&#8221; type=&#8221;grid&#8221; angled_section=&#8221;no&#8221; text_align=&#8221;left&#8221; background_image_as_pattern=&#8221;without_pattern&#8221; padding_top=&#8221;0&#8243; padding_bottom=&#8221;0&#8243; z_index=&#8221;&#8221;][vc_column][vc_single_image image=&#8221;15503&#8243; img_size=&#8221;full&#8221; alignment=&#8221;right&#8221; css=&#8221;&#8221; qode_css_animation=&#8221;&#8221; transition_delay=&#8221;0.3&#8243;][vc_separator type=&#8221;transparent&#8221; down=&#8221;20&#8243; up=&#8221;20&#8243;][\/vc_column][\/vc_row][vc_row css_animation=&#8221;&#8221; row_type=&#8221;row&#8221; use_row_as_full_screen_section=&#8221;no&#8221; type=&#8221;full_width&#8221; angled_section=&#8221;no&#8221; text_align=&#8221;left&#8221; background_image_as_pattern=&#8221;without_pattern&#8221;][vc_column width=&#8221;1\/4&#8243;][\/vc_column][vc_column width=&#8221;1\/2&#8243;][vc_column_text css=&#8221;&#8221;] Our story [\/vc_column_text][vc_separator type=&#8221;transparent&#8221; down=&#8221;20&#8243; up=&#8221;20&#8243;][vc_column_text css=&#8221;&#8221;] It began as a passion project to restore&#8230;<\/p>\n","protected":false},"author":3,"featured_media":0,"parent":0,"menu_order":0,"comment_status":"open","ping_status":"open","template":"full_width.php","meta":{"footnotes":""},"class_list":["post-13383","page","type-page","status-publish","hentry"],"_links":{"self":[{"href":"https:\/\/reykjavikhistorichome.webdev.is\/index.php\/wp-json\/wp\/v2\/pages\/13383","targetHints":{"allow":["GET"]}}],"collection":[{"href":"https:\/\/reykjavikhistorichome.webdev.is\/index.php\/wp-json\/wp\/v2\/pages"}],"about":[{"href":"https:\/\/reykjavikhistorichome.webdev.is\/index.php\/wp-json\/wp\/v2\/types\/page"}],"author":[{"embeddable":true,"href":"https:\/\/reykjavikhistorichome.webdev.is\/index.php\/wp-json\/wp\/v2\/users\/3"}],"replies":[{"embeddable":true,"href":"https:\/\/reykjavikhistorichome.webdev.is\/index.php\/wp-json\/wp\/v2\/comments?post=13383"}],"version-history":[{"count":12,"href":"https:\/\/reykjavikhistorichome.webdev.is\/index.php\/wp-json\/wp\/v2\/pages\/13383\/revisions"}],"predecessor-version":[{"id":15571,"href":"https:\/\/reykjavikhistorichome.webdev.is\/index.php\/wp-json\/wp\/v2\/pages\/13383\/revisions\/15571"}],"wp:attachment":[{"href":"https:\/\/reykjavikhistorichome.webdev.is\/index.php\/wp-json\/wp\/v2\/media?parent=13383"}],"curies":[{"name":"wp","href":"https:\/\/api.w.org\/{rel}","templated":true}]}}